{"id":17091,"date":"2022-11-26T09:45:10","date_gmt":"2022-11-26T09:45:10","guid":{"rendered":"https:\/\/ooe2023.hku.edu.tr\/genel-bilgi\/"},"modified":"2023-02-05T13:28:58","modified_gmt":"2023-02-05T13:28:58","slug":"general-information","status":"publish","type":"page","link":"https:\/\/ooe2023.hku.edu.tr\/en\/general-information\/","title":{"rendered":"General Information"},"content":{"rendered":"<p><strong>CONGRESS LANGUAGE:<\/strong> Official congress languages are Turkish and English. All presentations should be in Turkish or English. Presenting authors should select the preferred language of presentation at the time of abstract submission.<\/p>\n<p><strong>ABSTRACT SUBMISSION: <\/strong>All submitted abstracts should be in English or Turkish. Abstract submission guidelines can be viewed by clicking the abstract submission button. Guidelines for full texts will be announced later.<\/p>\n<p><strong>PRESENTATION FORMATS:<\/strong> Authors are welcome to submit their presentations either in <em>oral paper presentation<\/em> or <em>poster presentation<\/em> formats. Presentations can be made face-to-face or online. Participants should mark their preferences on this subject from the relevant button in the congress registration system.<\/p>\n<p><strong>Oral Presentation<\/strong><\/p>\n<p>Participants should make their oral presentations within 20 minutes (15 minutes of oral presentation + 5 minutes of question\/answer session). There will be a computer with Microsoft Power Point and a projector for the participants to use in the halls where the presentation will be held. For other technical requirements, please contact hku.ooe2023@hku.edu.tr via e-mail.<\/p>\n<p><strong>Poster Presentation<\/strong><\/p>\n<p>Participants will have the opportunity to exhibit and share the poster presentations they have prepared at the time and in the hall specified in the Congress Program.<\/p>\n<p>For poster and oral paper writing rules, they can get more information by clicking the &#8220;full text spelling rules&#8221; button on the main menu.<\/p>\n<p><strong>Further assistance <\/strong><\/p>\n<p>If you require further assistance regarding practical matters, please contact the organizing committee at <strong><a href=\"mailto:ooek@egitim.cu.edu.tr\">ooek@egitim.cu.edu.tr<\/a><\/strong><\/p>\n<p><strong>CONGRESS VENUE: <\/strong>The congress venue is located at Hasan Kalyoncu University Congress Center.<\/p>\n<p>Address: Havaalan\u0131 yolu \u00fczeri 8. km, \u015eahinbey\/Gaziantep\/T\u00fcrkiye<\/p>\n<p><strong>REGISTRATION DESK:\u00a0 <\/strong>Registration desk is located near the entrance area at the congress venue (Hasan Kalyoncu University Congress Center).<\/p>\n<p>The desk will operate during the following hours:<\/p>\n<p>26 October-28 October 2023 \u2026\u2026\u2026\u2026.08:00 \u2013\u00a0 17:00<\/p>\n<p><strong>NAME BADGE: <\/strong>All congress participants (presenters and accompanying persons) are asked to address themselves at the registration desk when they first arrive at the congress to collect their name badge. Name badges should be carried by all participants while at the congress venue.<\/p>\n<p><strong>INVITATION LETTER: <\/strong>An invitation letter will be sent to the registered presenter\u2019s and participant\u2019s e-mail address. Thus, it is very important for the participants to provide an active e-mail address.<\/p>\n<p><strong>CERTIFICATE OF ATTENDANCE:<\/strong> A certificate of attendance will be sent to presenters\u2019 and participants\u2019 e-mail address. Only registered participants who attended the congress will receive the certificate.<\/p>\n<p><strong>CANCELLATION POLICY: <\/strong>All fees are nonrefundable after October 1, 2023. Cancellation prior to October 1 will incur a 25% of the regular registration fee processing charge per Registration. Telephone cancellation is not accepted; certified mail is recommended. When submitting a refund request, please include the name and registration ID of each registrant, the name of the organization or person receiving the refund, and the address for where to mail the refund. There are no refunds for group registrations, only substitutions. Refund requests must be mailed to contact department. Refund requests will be processed after the Congress.<\/p>\n<h4>ACCOMMODATION: Participants are responsible for their own accommodation arrangements. Please contact your confirmed hotel directly for changes and cancellations.<\/h4>\n<p><strong>USEFUL TELEPHONE NUMBERS<\/strong><\/p>\n<p><strong>\u00a0<\/strong><br \/>\nEmergency &amp; Hospitals<\/p>\n<p>&nbsp;<\/p>\n<p>Ambulance:\u00a0 112<\/p>\n<p>Fire:\u00a0\u00a0\u00a0\u00a0\u00a0\u00a0\u00a0\u00a0\u00a0\u00a0\u00a0 \u00a0 110<\/p>\n<p>Police:\u00a0\u00a0\u00a0\u00a0\u00a0\u00a0\u00a0\u00a0 155<\/p>\n","protected":false},"excerpt":{"rendered":"<p>CONGRESS LANGUAGE: Official congress languages are Turkish and English. All presentations should be in Turkish or English. Presenting authors should select the preferred language of presentation at the time of &hellip; <\/p>\n","protected":false},"author":1,"featured_media":0,"parent":0,"menu_order":0,"comment_status":"closed","ping_status":"closed","template":"","meta":{"footnotes":""},"class_list":["post-17091","page","type-page","status-publish","hentry"],"yoast_head":"<!-- This site is optimized with the Yoast SEO plugin v27.4 - https:\/\/yoast.com\/product\/yoast-seo-wordpress\/ -->\n<title>General Information - 8. ULUSLARARASI OKUL \u00d6NCES\u0130 E\u011e\u0130T\u0130M\u0130 KONGRES\u0130<\/title>\n<meta name=\"robots\" content=\"noindex, follow, max-snippet:-1, max-image-preview:large, max-video-preview:-1\" \/>\n<meta property=\"og:locale\" content=\"en_US\" \/>\n<meta property=\"og:type\" content=\"article\" \/>\n<meta property=\"og:title\" content=\"General Information - 8. ULUSLARARASI OKUL \u00d6NCES\u0130 E\u011e\u0130T\u0130M\u0130 KONGRES\u0130\" \/>\n<meta property=\"og:description\" content=\"CONGRESS LANGUAGE: Official congress languages are Turkish and English. All presentations should be in Turkish or English. Presenting authors should select the preferred language of presentation at the time of &hellip;\" \/>\n<meta property=\"og:url\" content=\"https:\/\/ooe2023.hku.edu.tr\/en\/general-information\/\" \/>\n<meta property=\"og:site_name\" content=\"8. ULUSLARARASI OKUL \u00d6NCES\u0130 E\u011e\u0130T\u0130M\u0130 KONGRES\u0130\" \/>\n<meta property=\"article:modified_time\" content=\"2023-02-05T13:28:58+00:00\" \/>\n<meta name=\"twitter:card\" content=\"summary_large_image\" \/>\n<meta name=\"twitter:label1\" content=\"Est. reading time\" \/>\n\t<meta name=\"twitter:data1\" content=\"3 minutes\" \/>\n<script type=\"application\/ld+json\" class=\"yoast-schema-graph\">{\"@context\":\"https:\\\/\\\/schema.org\",\"@graph\":[{\"@type\":\"WebPage\",\"@id\":\"https:\\\/\\\/ooe2023.hku.edu.tr\\\/en\\\/general-information\\\/\",\"url\":\"https:\\\/\\\/ooe2023.hku.edu.tr\\\/en\\\/general-information\\\/\",\"name\":\"General Information - 8. ULUSLARARASI OKUL \u00d6NCES\u0130 E\u011e\u0130T\u0130M\u0130 KONGRES\u0130\",\"isPartOf\":{\"@id\":\"https:\\\/\\\/ooe2023.hku.edu.tr\\\/#website\"},\"datePublished\":\"2022-11-26T09:45:10+00:00\",\"dateModified\":\"2023-02-05T13:28:58+00:00\",\"breadcrumb\":{\"@id\":\"https:\\\/\\\/ooe2023.hku.edu.tr\\\/en\\\/general-information\\\/#breadcrumb\"},\"inLanguage\":\"en-US\",\"potentialAction\":[{\"@type\":\"ReadAction\",\"target\":[\"https:\\\/\\\/ooe2023.hku.edu.tr\\\/en\\\/general-information\\\/\"]}]},{\"@type\":\"BreadcrumbList\",\"@id\":\"https:\\\/\\\/ooe2023.hku.edu.tr\\\/en\\\/general-information\\\/#breadcrumb\",\"itemListElement\":[{\"@type\":\"ListItem\",\"position\":1,\"name\":\"Home\",\"item\":\"https:\\\/\\\/ooe2023.hku.edu.tr\\\/en\\\/\"},{\"@type\":\"ListItem\",\"position\":2,\"name\":\"General Information\"}]},{\"@type\":\"WebSite\",\"@id\":\"https:\\\/\\\/ooe2023.hku.edu.tr\\\/#website\",\"url\":\"https:\\\/\\\/ooe2023.hku.edu.tr\\\/\",\"name\":\"8. ULUSLARARASI OKUL \u00d6NCES\u0130 E\u011e\u0130T\u0130M\u0130 KONGRES\u0130\",\"description\":\"Hasan Kalyoncu \u00dcniversitesi\",\"potentialAction\":[{\"@type\":\"SearchAction\",\"target\":{\"@type\":\"EntryPoint\",\"urlTemplate\":\"https:\\\/\\\/ooe2023.hku.edu.tr\\\/?s={search_term_string}\"},\"query-input\":{\"@type\":\"PropertyValueSpecification\",\"valueRequired\":true,\"valueName\":\"search_term_string\"}}],\"inLanguage\":\"en-US\"}]}<\/script>\n<!-- \/ Yoast SEO plugin. -->","yoast_head_json":{"title":"General Information - 8. ULUSLARARASI OKUL \u00d6NCES\u0130 E\u011e\u0130T\u0130M\u0130 KONGRES\u0130","robots":{"index":"noindex","follow":"follow","max-snippet":"max-snippet:-1","max-image-preview":"max-image-preview:large","max-video-preview":"max-video-preview:-1"},"og_locale":"en_US","og_type":"article","og_title":"General Information - 8. ULUSLARARASI OKUL \u00d6NCES\u0130 E\u011e\u0130T\u0130M\u0130 KONGRES\u0130","og_description":"CONGRESS LANGUAGE: Official congress languages are Turkish and English. All presentations should be in Turkish or English. Presenting authors should select the preferred language of presentation at the time of &hellip;","og_url":"https:\/\/ooe2023.hku.edu.tr\/en\/general-information\/","og_site_name":"8. ULUSLARARASI OKUL \u00d6NCES\u0130 E\u011e\u0130T\u0130M\u0130 KONGRES\u0130","article_modified_time":"2023-02-05T13:28:58+00:00","twitter_card":"summary_large_image","twitter_misc":{"Est. reading time":"3 minutes"},"schema":{"@context":"https:\/\/schema.org","@graph":[{"@type":"WebPage","@id":"https:\/\/ooe2023.hku.edu.tr\/en\/general-information\/","url":"https:\/\/ooe2023.hku.edu.tr\/en\/general-information\/","name":"General Information - 8. ULUSLARARASI OKUL \u00d6NCES\u0130 E\u011e\u0130T\u0130M\u0130 KONGRES\u0130","isPartOf":{"@id":"https:\/\/ooe2023.hku.edu.tr\/#website"},"datePublished":"2022-11-26T09:45:10+00:00","dateModified":"2023-02-05T13:28:58+00:00","breadcrumb":{"@id":"https:\/\/ooe2023.hku.edu.tr\/en\/general-information\/#breadcrumb"},"inLanguage":"en-US","potentialAction":[{"@type":"ReadAction","target":["https:\/\/ooe2023.hku.edu.tr\/en\/general-information\/"]}]},{"@type":"BreadcrumbList","@id":"https:\/\/ooe2023.hku.edu.tr\/en\/general-information\/#breadcrumb","itemListElement":[{"@type":"ListItem","position":1,"name":"Home","item":"https:\/\/ooe2023.hku.edu.tr\/en\/"},{"@type":"ListItem","position":2,"name":"General Information"}]},{"@type":"WebSite","@id":"https:\/\/ooe2023.hku.edu.tr\/#website","url":"https:\/\/ooe2023.hku.edu.tr\/","name":"8. ULUSLARARASI OKUL \u00d6NCES\u0130 E\u011e\u0130T\u0130M\u0130 KONGRES\u0130","description":"Hasan Kalyoncu \u00dcniversitesi","potentialAction":[{"@type":"SearchAction","target":{"@type":"EntryPoint","urlTemplate":"https:\/\/ooe2023.hku.edu.tr\/?s={search_term_string}"},"query-input":{"@type":"PropertyValueSpecification","valueRequired":true,"valueName":"search_term_string"}}],"inLanguage":"en-US"}]}},"_links":{"self":[{"href":"https:\/\/ooe2023.hku.edu.tr\/en\/wp-json\/wp\/v2\/pages\/17091","targetHints":{"allow":["GET"]}}],"collection":[{"href":"https:\/\/ooe2023.hku.edu.tr\/en\/wp-json\/wp\/v2\/pages"}],"about":[{"href":"https:\/\/ooe2023.hku.edu.tr\/en\/wp-json\/wp\/v2\/types\/page"}],"author":[{"embeddable":true,"href":"https:\/\/ooe2023.hku.edu.tr\/en\/wp-json\/wp\/v2\/users\/1"}],"replies":[{"embeddable":true,"href":"https:\/\/ooe2023.hku.edu.tr\/en\/wp-json\/wp\/v2\/comments?post=17091"}],"version-history":[{"count":0,"href":"https:\/\/ooe2023.hku.edu.tr\/en\/wp-json\/wp\/v2\/pages\/17091\/revisions"}],"wp:attachment":[{"href":"https:\/\/ooe2023.hku.edu.tr\/en\/wp-json\/wp\/v2\/media?parent=17091"}],"curies":[{"name":"wp","href":"https:\/\/api.w.org\/{rel}","templated":true}]}}