{"id":17113,"date":"2022-11-26T09:46:46","date_gmt":"2022-11-26T09:46:46","guid":{"rendered":"https:\/\/ooe2023.hku.edu.tr\/boards\/"},"modified":"2023-02-05T14:08:47","modified_gmt":"2023-02-05T14:08:47","slug":"boards","status":"publish","type":"page","link":"https:\/\/ooe2023.hku.edu.tr\/en\/boards\/","title":{"rendered":"Boards"},"content":{"rendered":"<h2><strong>Congress Organizing Committee<\/strong><\/h2>\n<p><strong>Prof. Dr. T\u00fcrkay DEREL\u0130\u00a0<\/strong>(Hasan Kalyoncu University, Rector)<br \/><strong>Prof. Dr. \u015eener B\u00fcy\u00fck\u00f6zt\u00fcrk <\/strong>(Faculty of Education, Dean)<br \/><strong>Prof. Dr. Ya\u015fare Akta\u015f Arnas\u00a0<\/strong>(Organizing Committee Chairman) <br \/><strong>Prof. Dr. Nil\u00fcfer Dar\u0131ca<\/strong><br \/><strong>Prof. Dr. \u00c7a\u011flayan Din\u00e7er<\/strong><br \/><strong>Dr. \u015eermin Metin<\/strong><br \/><strong>Dr. \u00a0Esra Akg\u00fcl<\/strong><br \/><strong>Dr. \u00a0Nuri Can Aksoy<\/strong><br \/><strong>Researcher Mihriban \u00d6zcan<\/strong><br \/><strong>Ar\u015f. G\u00f6r. B\u00fc\u015fra Bilir<\/strong><\/p>\n<p><strong>\u00a0<\/strong><\/p>\n<h2><strong>Science Committee<\/strong><\/h2>\n<p><strong>Prof. Dr. Abd\u00fclkadir KABADAYI\u00a0<\/strong>(NECMETT\u0130N ERBAKAN UNIVERSITY)<\/p>\n<p><strong>Prof. Dr. Ay\u015fe G\u00fcler K\u00dc\u00c7\u00dcKTURAN\u00a0<\/strong>(BA\u015eKENT UNIVERSITY)<\/p>\n<p><strong>Prof. Dr. Berrin AKMAN<\/strong>\u00a0(HACETTEPE UNIVERSITY)<\/p>\n<p><strong>Prof. Dr. Burcu \u00d6ZDEM\u0130R BECEREN<\/strong>\u00a0(\u00c7ANAKKALE ON SEK\u0130Z MART UNIVERSITY)<\/p>\n<p><strong>Prof. Dr. \u00c7a\u011fla G\u00dcR\u00a0<\/strong>(ULUSLARARASI KIBRIS UNIVERSITY)<\/p>\n<p><strong>Prof. Dr. Dilek ACER \u00c7AKAR\u00a0<\/strong>(ANKARA UNIVERSITY)<\/p>\n<p><strong>Prof. Dr. Durmu\u015f ASLAN\u00a0<\/strong>(\u00c7UKUROVA UNIVERSITY)<\/p>\n<p><strong>Prof. Dr. Ebru AKTAN ACAR (<\/strong>\u00c7ANAKKALE ON SEK\u0130Z MART UNIVERSITY)<\/p>\n<p><strong>Prof. Dr. Ebru ERSAY (<\/strong>GAZ\u0130 UNIVERSITY)<\/p>\n<p><strong>Prof. Dr. Elif \u00c7ELEB\u0130 \u00d6NC\u00dc\u00a0<\/strong>(KOCAEL\u0130 UNIVERSITY)<\/p>\n<p><strong>Prof. Dr. Elif Ye\u015fim \u00dcST\u00dcN\u00a0<\/strong>(\u0130STANBUL AYDIN UNIVERSITY)<\/p>\n<p><strong>Prof. Dr. Emel ARSLAN\u00a0<\/strong>(NECMETT\u0130N ERBAKAN UNIVERSITY)<\/p>\n<p><strong>Prof. Dr. Esra DEREL\u0130\u00a0<\/strong>(ESK\u0130\u015eEH\u0130R OSMANGAZ\u0130 UNIVERSITY)<\/p>\n<p><strong>Prof. Dr. Esra \u00d6MERO\u011eLU\u00a0<\/strong>(GAZ\u0130 UNIVERSITY)<\/p>\n<p><strong>Prof. Dr. Fatma A\u011eG\u00dcL YAL\u00c7IN\u00a0<\/strong>(A\u011eRI \u0130BRAH\u0130M \u00c7E\u00c7EN UNIVERSITY)<\/p>\n<p><strong>Prof. Dr. Fatma AL\u0130S\u0130NANO\u011eLU\u00a0<\/strong>(FAT\u0130H SULTAN MEHMET UNIVERSITY)<\/p>\n<p><strong>Prof. Dr. Fatma \u00c7ALI\u015eANDEM\u0130R\u00a0<\/strong>(MEHMET AK\u0130F ERSOY UNIVERSITY)<\/p>\n<p><strong>Prof. Dr. Feyza TANTEK\u0130N ERDEN\u00a0<\/strong>(ORTA DO\u011eU TEKN\u0130K UNIVERSITY)<\/p>\n<p><strong>Prof. Dr. Filiz ERBAY\u00a0<\/strong>(\u0130STANBUL AYDIN UNIVERSITY)<\/p>\n<p><strong>Prof. Dr. Fulya TEMEL\u00a0<\/strong>(GAZ\u0130 UNIVERSITY)<\/p>\n<p><strong>Prof. Dr. G\u00fclden UYANIK BALAT\u00a0<\/strong>(MARMARA UNIVERSITY)<\/p>\n<p><strong>Prof. Dr. Havise \u00c7AKMAK G\u00dcLE\u00c7\u00a0<\/strong>(\u00c7ANAKKALE 18 MART UNIVERSITY)<\/p>\n<p><strong>Prof. Dr. \u0130lkay ULUTA\u015e\u00a0<\/strong>(GAZ\u0130 UNIVERSITY)<\/p>\n<p><strong>Prof. Dr. Mesude ATAY\u00a0<\/strong>(BA\u015eKENT UNIVERSITY)<\/p>\n<p><strong>Prof. Dr. Neslihan AVCI\u00a0<\/strong>(GAZ\u0130 UNIVERSITY)<\/p>\n<p><strong>Prof. Dr. Nesrin I\u015eIKO\u011eLU\u00a0<\/strong>(PAMUKKALE UNIVERSITY)<\/p>\n<p><strong>Prof. Dr. O\u011fuz Serdar KES\u0130C\u0130O\u011eLU\u00a0<\/strong>(G\u0130RESUN UNIVERSITY)<\/p>\n<p><strong>Prof. Dr. Ozana URAL\u00a0<\/strong>(MARMARA UNIVERSITY)<\/p>\n<p><strong>Prof. Dr. Perihan \u00dcN\u00dcVAR\u00a0<\/strong>(BURDUR MEHMET AK\u0130F ERSOY UNIVERSITY)<\/p>\n<p><strong>Prof. Dr. Refika OLGAN\u00a0<\/strong>(ORTA DO\u011eU TEKN\u0130K UNIVERSITY)<\/p>\n<p><strong>Prof. Dr. Rengin ZEMBAT\u00a0<\/strong>(MALTEPE UNIVERSITY)<\/p>\n<p><strong>Prof. Dr. Serap ERDO\u011eAN\u00a0<\/strong>(ANADOLU UNIVERSITY)<\/p>\n<p><strong>Prof. Dr. Sibel \u00c7i\u011fdem G\u00dcNEYSU\u00a0<\/strong>(BA\u015eKENT UNIVERSITY)<\/p>\n<p><strong>Prof. Dr. Yasemin AYDO\u011eAN\u00a0<\/strong>(GAZ\u0130 UNIVERSITY)<\/p>\n<p><strong>Dr. Abdulhamit KARADEM\u0130R\u00a0<\/strong>(MU\u015e ALPARSLAN UNIVERSITY)<\/p>\n<p><strong>Dr. Ahmet Sami KONCA\u00a0<\/strong>(ERC\u0130YES UNIVERSITY)<\/p>\n<p><strong>Dr. Ali \u0130brahim CAN G\u00d6Z\u00dcM\u00a0<\/strong>(KAFKAS UNIVERSITY)<\/p>\n<p><strong>Dr. Atiye ADAK \u00d6ZDEM\u0130R\u00a0<\/strong>(PAMUKKALE UNIVERSITY)<\/p>\n<p><strong>Dr. Aysel T\u00dcFEKC\u0130\u00a0<\/strong>(GAZ\u0130 UNIVERSITY)<\/p>\n<p><strong>Dr. Ay\u015fe \u00d6ZT\u00dcRK SAMUR\u00a0<\/strong>(AYDIN ADNAN MENDERES UNIVERSITY)<\/p>\n<p><strong>Dr. Banu USLU\u00a0<\/strong>(ALAADD\u0130N KEYKUBAT UNIVERSITY)<\/p>\n<p><strong>Dr. Beng\u00fc T\u00dcRKO\u011eLU\u00a0<\/strong>(NECMETT\u0130N ERBAKAN UNIVERSITY)<\/p>\n<p><strong>Dr. Burcu \u00d6ZDEM\u0130R BECEREN\u00a0<\/strong>(\u00c7ANAKKALE ONSEK\u0130Z MART UNIVERSITY)<\/p>\n<p><strong>Dr. Canan YILDIZ \u00c7\u0130\u00c7EKLER\u00a0<\/strong>(NECMETT\u0130N ERBAKAN UNIVERSITY)<\/p>\n<p><strong>Dr. Dilan BAYINDIR\u00a0<\/strong>(BALIKES\u0130R UNIVERSITY)<\/p>\n<p><strong>Dr. Ege AKG\u00dcN\u00a0<\/strong>(ANKARA UNIVERSITY)<\/p>\n<p><strong>Dr. Elif KARSLI \u00c7ALAMAK\u00a0<\/strong>(ORTA DO\u011eU TEKN\u0130K UNIVERSITY)<\/p>\n<p><strong>Dr. Elif \u00d6ZT\u00dcRK\u00a0<\/strong>(G\u0130RESUN UNIVERSITY)<\/p>\n<p><strong>Dr. Ferda BEDEL\u00a0<\/strong>(\u00c7ANAKKALE ON SEK\u0130Z MART UNIVERSITY)<\/p>\n<p><strong>Dr. Filiz ELMALI\u00a0<\/strong>(FIRAT UNIVERSITY)<\/p>\n<p><strong>Dr. G\u00f6zde \u0130NAL\u00a0<\/strong>(AYDIN ADNAN MENDERES UNIVERSITY)<\/p>\n<p><strong>Dr. G\u00fclhan G\u00dcVEN\u00a0<\/strong>(GAZ\u0130 UNIVERSITY)<\/p>\n<p><strong>Dr. G\u00fcne\u015f SALI\u00a0<\/strong>(YOZGAT BOZOK UNIVERSITY)<\/p>\n<p><strong>Dr. Hasibe \u00d6zlen DEM\u0130RCAN\u00a0<\/strong>(ORTA DO\u011eU TEKN\u0130K UNIVERSITY)<\/p>\n<p><strong>Dr. \u0130kbal Tuba \u015eAH\u0130N SAK\u00a0<\/strong>(VAN Y\u00dcZ\u00dcNC\u00dc YIL UNIVERSITY)<\/p>\n<p><strong>Dr. \u0130sa KAYA\u00a0<\/strong>(FAT\u0130H SULTAN MEHMET VAKIF UNIVERSITY)<\/p>\n<p><strong>Dr. Kevser KO\u00c7\u00a0<\/strong>(\u0130STANBUL MEDEN\u0130YET UNIVERSITY)<\/p>\n<p><strong>Dr. Maide OR\u00c7AN KA\u00c7AN\u00a0<\/strong>(MU\u011eLA SITKI KO\u00c7MAN UNIVERSITY)<\/p>\n<p><strong>Dr. Mehmet KANAK\u00a0<\/strong>(S\u0130VAS CUMHUR\u0130YET UNIVERSITY)<\/p>\n<p><strong>Dr. Mehmet Nur TU\u011eLUK\u00a0<\/strong>(YILDIZ TEKN\u0130K UNIVERSITY)<\/p>\n<p><strong>Dr. Mine Canan DURMU\u015eO\u011eLU\u00a0<\/strong>(HACETTEPE UNIVERSITY)<\/p>\n<p><strong>Dr. Munise DURAN\u00a0<\/strong>(\u0130N\u00d6N\u00dc UNIVERSITY)<\/p>\n<p><strong>Dr. Mustafa U\u011eRA\u015e\u00a0<\/strong>(FIRAT UNIVERSITY)<\/p>\n<p><strong>Dr. Mustafa YA\u015eAR\u00a0<\/strong>(\u00c7UKUROVA UNIVERSITY)<\/p>\n<p><strong>Dr. Nalan KURU\u00a0<\/strong>(BURSA ULUDA\u011e UNIVERSITY)<\/p>\n<p><strong>Dr. Nilay DEREOBALI\u00a0<\/strong>(EGE UNIVERSITY)<\/p>\n<p><strong>Dr. Nuran TUNCER\u00a0<\/strong>(TOKAT GAZ\u0130OSMANPA\u015eA UNIVERSITY)<\/p>\n<p><strong>Dr. Oya RAMAZAN\u00a0<\/strong>(MARMARA UNIVERSITY)<\/p>\n<p><strong>Dr. \u00d6zge Metin ASLAN\u00a0<\/strong>(ALANYA ALAADD\u0130N KEYKUBAT UNIVERSITY)<\/p>\n<p><strong>Dr. \u00d6zkan \u00d6ZG\u00dcN\u00a0<\/strong>(\u00c7UKUROVA UNIVERSITY)<\/p>\n<p><strong>Dr. \u00d6zlem YURT TARAKCI\u00a0<\/strong>(\u0130STANBUL MEDEN\u0130YET UNIVERSITY)<\/p>\n<p><strong>Dr. P\u0131nar AKSOY\u00a0<\/strong>(TOKAT GAZ\u0130OSMANPA\u015eA UNIVERSITY)<\/p>\n<p><strong>Dr. Ramazan SAK\u00a0<\/strong>(VAN Y\u00dcZ\u00dcNC\u00dc YIL UNIVERSITY)<\/p>\n<p><strong>Dr. Sadiye KELE\u015e\u00a0<\/strong>(ZONGULDAK B\u00dcLENT ECEV\u0130T UNIVERSITY)<\/p>\n<p><strong>Dr. Seda ATA\u00a0<\/strong>(MU\u011eLA SITKI KOCAMAN UNIVERSITY)<\/p>\n<p><strong>Dr. Selda ARAS\u00a0<\/strong>(HACETTEPE UNIVERSITY)<\/p>\n<p><strong>Dr. Sema \u00d6NG\u00d6REN\u00a0<\/strong>(NEV\u015eEH\u0130R HACI BEKTA\u015e VEL\u0130 UNIVERSITY)<\/p>\n<p><strong>Dr. Sevcan YA\u011eAN\u00a0<\/strong>(\u0130STANBUL K\u00dcLT\u00dcR UNIVERSITY)<\/p>\n<p><strong>Dr. Sibel YOLER\u0130\u00a0<\/strong>(\u0130ZM\u0130R DEMOKRAS\u0130 UNIVERSITY)<\/p>\n<p><strong>Dr. Sinan KO\u00c7Y\u0130\u011e\u0130T\u00a0<\/strong>(ATAT\u00dcRK UNIVERSITY)<\/p>\n<p><strong>Dr. Sonnur I\u015eITAN\u00a0<\/strong>(BALIKES\u0130R UNIVERSITY)<\/p>\n<p><strong>Dr. S\u00fchendan ER\u00a0<\/strong>(TED UNIVERSITY)<\/p>\n<p><strong>Dr. \u015e\u00fckran KILI\u00c7<\/strong>\u00a0(AKSARAY UNIVERSITY)<\/p>\n<p><strong>Dr. \u015eenay Bulut PED\u00dcK\u00a0<\/strong>(TRAKYA UNIVERSITY)<\/p>\n<p><strong>Dr. \u015eule ERDEN \u00d6ZCAN\u00a0<\/strong>(\u00c7UKUROVA UNIVERSITY)<\/p>\n<p><strong>Dr. Vedat BAYRAKTAR\u00a0<\/strong>(GAZ\u0130 UNIVERSITY)<\/p>\n<p><strong>Dr. Zeynep TEM\u0130Z\u00a0<\/strong>(KARAMANO\u011eLU MEHMETBEY UNIVERSITY)<\/p>\n<p><strong>Dr. Z\u00fclfiye G\u00fcl ERCAN\u00a0<\/strong>(TRAKYA UNIVERSITY)<\/p>\n<p><strong>Dr. \u00a0Ali Yi\u011fit KUTLUCA\u00a0<\/strong>(\u0130STANBUL AYDIN UNIVERSITY)<\/p>\n<p><strong>Dr. \u00a0Asl\u0131 YILDIRIM\u00a0<\/strong>(ANADOLU UNIVERSITY)<\/p>\n<p><strong>Dr. \u00a0Ay\u015fenur G\u00dcND\u00dcZ\u00a0<\/strong>(ERC\u0130YES UNIVERSITY)<\/p>\n<p><strong>Dr. \u00a0Belgin PARLAKYILDIZ\u00a0<\/strong>(ULUSLARARASI KIBRIS UNIVERSITY)<\/p>\n<p><strong>Dr. \u00a0Burcu \u00c7ABUK\u00a0<\/strong>(ANKARA UNIVERSITY)<\/p>\n<p><strong>Dr. \u00a0Burcu G\u00dcNG\u00d6R\u00a0<\/strong>(ABDULLAH G\u00dcL UNIVERSITY)<\/p>\n<p><strong>Dr. \u00a0\u00c7a\u011fla \u00d6NEREN \u015eEND\u0130L\u00a0<\/strong>(TED UNIVERSITY)<\/p>\n<p><strong>Dr. \u00a0Dervi\u015fe AMCA TOKLU\u00a0<\/strong>(YAKIN DO\u011eU UNIVERSITY)<\/p>\n<p><strong>Dr. \u00a0Dila Nur YAZICI\u00a0<\/strong>(ONDOKUZ MAYIS UNIVERSITY)<\/p>\n<p><strong>Dr. \u00a0Dilek EROL\u00a0<\/strong>(U\u015eAK UNIVERSITY)<\/p>\n<p><strong>Dr. \u00a0Duygu YALMAN\u00a0<\/strong>(FAT\u0130H SULTAN MEHMET UNIVERSITY)<\/p>\n<p><strong>Dr. \u00a0Elif YILMAZ\u00a0<\/strong>(KARAMANO\u011eLU MEHMETBEY UNIVERSITY)<\/p>\n<p><strong>Dr. \u00a0Emine AYYILDIZ\u00a0<\/strong>(\u0130STANBUL MEDEN\u0130YET UNIVERSITY)<\/p>\n<p><strong>Dr. \u00a0Ersoy ERDEM\u0130R\u00a0<\/strong>(BO\u011eAZ\u0130\u00c7\u0130 UNIVERSITY)<\/p>\n<p><strong>Dr. \u00a0Ezgi AK\u015e\u0130N YAVUZ\u00a0<\/strong>(TRAKYA UNIVERSITY)<\/p>\n<p><strong>Dr. \u00a0Fatma YA\u015eAR EK\u0130C\u0130\u00a0<\/strong>(\u0130STANBUL SABAHATT\u0130N ZA\u0130M UNIVERSITY)<\/p>\n<p><strong>Dr. \u00a0Fulya EZMEC\u0130\u00a0<\/strong>(ERZ\u0130NCAN B\u0130NAL\u0130 YILDIRIM UNIVERSITY)<\/p>\n<p><strong>Dr. \u00a0Gizem \u00d6ZER\u00a0<\/strong>(ZONGULDAK B\u00dcLENT ECEV\u0130T UNIVERSITY)<\/p>\n<p><strong>Dr. \u00a0Gonca ULUDA\u011e\u00a0<\/strong>(G\u0130RESUN UNIVERSITY)<\/p>\n<p><strong>Dr. \u00a0Handan DO\u011eAN\u00a0<\/strong>(MALTEPE UNIVERSITY)<\/p>\n<p><strong>Dr. \u00a0Hande Arslan \u00c7ift\u00e7i\u00a0<\/strong>(\u0130STANBUL MEDEN\u0130YET UNIVERSITY)<\/p>\n<p><strong>Dr. \u00a0Hatice DA\u011eLI\u00a0<\/strong>(KAHRAMANMARA\u015e S\u00dcT\u00c7\u00dc \u0130MAM UNIVERSITY)<\/p>\n<p><strong>Dr. \u00a0Hilal YILMAZ\u00a0<\/strong>(ARTV\u0130N \u00c7ORUH UNIVERSITY)<\/p>\n<p><strong>Dr. \u00a0I\u015f\u0131k KAMARAJ\u00a0<\/strong>(MARMARA UNIVERSITY)<\/p>\n<p><strong>Dr. \u00a0I\u015f\u0131k SABIRLI \u00d6ZTU\u015e\u00a0<\/strong>(\u0130STANBUL MED\u0130POL UNIVERSITY)<\/p>\n<p><strong>Dr. \u00a0I\u015f\u0131l TA\u015e\u00a0<\/strong>(B\u0130RUN\u0130 UNIVERSITY)<\/p>\n<p><strong>Dr. \u00a0\u0130rem G\u00dcRGAH O\u011eUL\u00a0<\/strong>(\u0130ZM\u0130R DEMOKRAS\u0130 UNIVERSITY)<\/p>\n<p><strong>Dr. \u00a0K\u00fcbra KANAT\u00a0<\/strong>(BOLU ABANT \u0130ZZET BAYSAL UNIVERSITY)<\/p>\n<p><strong>Dr. \u00a0Mehfaret VEZ\u0130RO\u011eLU \u00c7EL\u0130K\u00a0<\/strong>(MED\u0130POL UNIVERSITY)<\/p>\n<p><strong>Dr. \u00a0Mehmet Akif \u0130NC\u0130\u00a0<\/strong>(MU\u015e ALPARSLAN UNIVERSITY)<\/p>\n<p><strong>Dr. \u00a0Mehmet MART\u00a0<\/strong>(NECMETT\u0130N ERBAKAN UNIVERSITY)<\/p>\n<p><strong>Dr. \u00a0Meltem DURAN\u00a0<\/strong>(G\u0130RESUN UNIVERSITY)<\/p>\n<p><strong>Dr. \u00a0Mine AKKAYNAK\u00a0<\/strong>(\u0130STANBUL AYDIN UNIVERSITY)<\/p>\n<p><strong>Dr. \u00a0Murat BARTAN\u00a0<\/strong>(DUMLUPINAR UNIVERSITY)<\/p>\n<p><strong>Dr. \u00a0M\u00fcnire AYD\u0130LEK\u00a0<\/strong>(NECMETT\u0130N ERBAKAN UNIVERSITY)<\/p>\n<p><strong>Dr. \u00a0Necla TUZCUO\u011eLU\u00a0<\/strong>(MARMARA UNIVERSITY)<\/p>\n<p><strong>Dr. \u00a0Nisa BA\u015eAR BAYD\u0130LEK\u00a0<\/strong>(AYDIN ADNAN MENDERES UNIVERSITY)<\/p>\n<p><strong>Dr. \u00a0Nurbanu PARPUCU\u00a0<\/strong>(ANADOLU UNIVERSITY)<\/p>\n<p><strong>Dr. \u00a0\u00d6zlem \u00c7EL\u0130K\u00a0<\/strong>(\u0130STANBUL OKAN UNIVERSITY)<\/p>\n<p><strong>Dr. \u00a0\u00d6zlem Melek ERB\u0130L KAYA\u00a0<\/strong>(ANADOLU UNIVERSITY)<\/p>\n<p><strong>Dr. \u00a0Perihan Tu\u011fba \u015eEKER\u00a0<\/strong>(U\u015eAK UNIVERSITY)<\/p>\n<p><strong>Dr. \u00a0Samet ATA\u00a0<\/strong>(A\u011eRI \u0130BRAH\u0130M \u00c7E\u00c7EN UNIVERSITY)<\/p>\n<p><strong>Dr. \u00a0Se\u00e7il YILDIZ\u00a0<\/strong>(NEV\u015eEH\u0130R HACI BEKTA\u015e VEL\u0130)<\/p>\n<p><strong>Dr. \u00a0Seda KARA\u00c7EL\u0130K\u00a0<\/strong>(MU\u011eLA SITKI KO\u00c7MAN UNIVERSITY)<\/p>\n<p><strong>Dr. \u00a0Seda \u015eAH\u0130N\u00a0<\/strong>(\u0130N\u00d6N\u00dc UNIVERSITY)<\/p>\n<p><strong>Dr. \u00a0Serhat G\u00dcNDO\u011eDU\u00a0<\/strong>(NEV\u015eEH\u0130R HACI BEKTA\u015e VEL\u0130 UNIVERSITY)<\/p>\n<p><strong>Dr. \u00a0Seval \u00d6RDEK \u0130NCEO\u011eLU\u00a0<\/strong>(HARRAN UNIVERSITY)<\/p>\n<p><strong>Dr. \u00a0Turan \u00c7AKIR\u00a0<\/strong>(SAKARYA UNIVERSITY)<\/p>\n<p><strong>Dr. \u00a0\u00dcmran ALAN\u00a0<\/strong>(ANADOLU UNIVERSITY)<\/p>\n<p><strong>Dr. \u00a0Vahide Y\u0130\u011e\u0130T GEN\u00c7TEN\u00a0<\/strong>(ADIYAMAN UNIVERSITY)<\/p>\n<p><strong>Dr. \u00a0Vakkas YAL\u00c7IN\u00a0<\/strong>(K\u0130L\u0130S 7 ARALIK UNIVERSITY)<\/p>\n<p><strong>Dr. \u00a0Yakup YILDIRIM\u00a0<\/strong>(AKDEN\u0130Z UNIVERSITY)<\/p>\n<p><strong>Dr. \u00a0Zeynep KILI\u00c7\u00a0<\/strong>(MALTEPE UNIVERSITY)<\/p>\n<p><strong>Dr. \u00a0Zeynep Seda \u00c7AVU\u015e\u00a0<\/strong>(D\u00dcZCE UNIVERSITY)<\/p>\n<p>\u00a0<\/p>\n<h2 id=\"tw-target-text\" dir=\"ltr\" data-placeholder=\"\u00c7eviri\">Congress Secretariat<\/h2>\n<p><strong>Dr. \u00dcyesi Esra Akg\u00fcl<\/strong><br \/><strong>Researcher Mihriban \u00d6zcan<\/strong><br \/><strong>Researcher B\u00fc\u015fra Bilir<\/strong><br \/><strong>Researcher B\u00fc\u015fra Nur Durmaz<\/strong><\/p>\n","protected":false},"excerpt":{"rendered":"<p>Congress Organizing Committee Prof. Dr. T\u00fcrkay DEREL\u0130\u00a0(Hasan Kalyoncu University, Rector)Prof. Dr. \u015eener B\u00fcy\u00fck\u00f6zt\u00fcrk (Faculty of Education, Dean)Prof. Dr. Ya\u015fare Akta\u015f Arnas\u00a0(Organizing Committee Chairman) Prof. Dr. Nil\u00fcfer Dar\u0131caProf. Dr. \u00c7a\u011flayan Din\u00e7erDr. &hellip; <\/p>\n","protected":false},"author":1,"featured_media":0,"parent":0,"menu_order":0,"comment_status":"closed","ping_status":"closed","template":"","meta":{"footnotes":""},"class_list":["post-17113","page","type-page","status-publish","hentry"],"yoast_head":"<!-- This site is optimized with the Yoast SEO plugin v27.4 - https:\/\/yoast.com\/product\/yoast-seo-wordpress\/ -->\n<title>Boards - 8. ULUSLARARASI OKUL \u00d6NCES\u0130 E\u011e\u0130T\u0130M\u0130 KONGRES\u0130<\/title>\n<meta name=\"robots\" content=\"noindex, follow, max-snippet:-1, max-image-preview:large, max-video-preview:-1\" \/>\n<meta property=\"og:locale\" content=\"en_US\" \/>\n<meta property=\"og:type\" content=\"article\" \/>\n<meta property=\"og:title\" content=\"Boards - 8. ULUSLARARASI OKUL \u00d6NCES\u0130 E\u011e\u0130T\u0130M\u0130 KONGRES\u0130\" \/>\n<meta property=\"og:description\" content=\"Congress Organizing Committee Prof. Dr. T\u00fcrkay DEREL\u0130\u00a0(Hasan Kalyoncu University, Rector)Prof. Dr. \u015eener B\u00fcy\u00fck\u00f6zt\u00fcrk (Faculty of Education, Dean)Prof. Dr. Ya\u015fare Akta\u015f Arnas\u00a0(Organizing Committee Chairman) Prof. Dr. Nil\u00fcfer Dar\u0131caProf. Dr. \u00c7a\u011flayan Din\u00e7erDr. &hellip;\" \/>\n<meta property=\"og:url\" content=\"https:\/\/ooe2023.hku.edu.tr\/en\/boards\/\" \/>\n<meta property=\"og:site_name\" content=\"8. ULUSLARARASI OKUL \u00d6NCES\u0130 E\u011e\u0130T\u0130M\u0130 KONGRES\u0130\" \/>\n<meta property=\"article:modified_time\" content=\"2023-02-05T14:08:47+00:00\" \/>\n<meta name=\"twitter:card\" content=\"summary_large_image\" \/>\n<meta name=\"twitter:label1\" content=\"Est. reading time\" \/>\n\t<meta name=\"twitter:data1\" content=\"6 minutes\" \/>\n<script type=\"application\/ld+json\" class=\"yoast-schema-graph\">{\"@context\":\"https:\\\/\\\/schema.org\",\"@graph\":[{\"@type\":\"WebPage\",\"@id\":\"https:\\\/\\\/ooe2023.hku.edu.tr\\\/en\\\/boards\\\/\",\"url\":\"https:\\\/\\\/ooe2023.hku.edu.tr\\\/en\\\/boards\\\/\",\"name\":\"Boards - 8. ULUSLARARASI OKUL \u00d6NCES\u0130 E\u011e\u0130T\u0130M\u0130 KONGRES\u0130\",\"isPartOf\":{\"@id\":\"https:\\\/\\\/ooe2023.hku.edu.tr\\\/#website\"},\"datePublished\":\"2022-11-26T09:46:46+00:00\",\"dateModified\":\"2023-02-05T14:08:47+00:00\",\"breadcrumb\":{\"@id\":\"https:\\\/\\\/ooe2023.hku.edu.tr\\\/en\\\/boards\\\/#breadcrumb\"},\"inLanguage\":\"en-US\",\"potentialAction\":[{\"@type\":\"ReadAction\",\"target\":[\"https:\\\/\\\/ooe2023.hku.edu.tr\\\/en\\\/boards\\\/\"]}]},{\"@type\":\"BreadcrumbList\",\"@id\":\"https:\\\/\\\/ooe2023.hku.edu.tr\\\/en\\\/boards\\\/#breadcrumb\",\"itemListElement\":[{\"@type\":\"ListItem\",\"position\":1,\"name\":\"Home\",\"item\":\"https:\\\/\\\/ooe2023.hku.edu.tr\\\/en\\\/\"},{\"@type\":\"ListItem\",\"position\":2,\"name\":\"Boards\"}]},{\"@type\":\"WebSite\",\"@id\":\"https:\\\/\\\/ooe2023.hku.edu.tr\\\/#website\",\"url\":\"https:\\\/\\\/ooe2023.hku.edu.tr\\\/\",\"name\":\"8. ULUSLARARASI OKUL \u00d6NCES\u0130 E\u011e\u0130T\u0130M\u0130 KONGRES\u0130\",\"description\":\"Hasan Kalyoncu \u00dcniversitesi\",\"potentialAction\":[{\"@type\":\"SearchAction\",\"target\":{\"@type\":\"EntryPoint\",\"urlTemplate\":\"https:\\\/\\\/ooe2023.hku.edu.tr\\\/?s={search_term_string}\"},\"query-input\":{\"@type\":\"PropertyValueSpecification\",\"valueRequired\":true,\"valueName\":\"search_term_string\"}}],\"inLanguage\":\"en-US\"}]}<\/script>\n<!-- \/ Yoast SEO plugin. -->","yoast_head_json":{"title":"Boards - 8. ULUSLARARASI OKUL \u00d6NCES\u0130 E\u011e\u0130T\u0130M\u0130 KONGRES\u0130","robots":{"index":"noindex","follow":"follow","max-snippet":"max-snippet:-1","max-image-preview":"max-image-preview:large","max-video-preview":"max-video-preview:-1"},"og_locale":"en_US","og_type":"article","og_title":"Boards - 8. ULUSLARARASI OKUL \u00d6NCES\u0130 E\u011e\u0130T\u0130M\u0130 KONGRES\u0130","og_description":"Congress Organizing Committee Prof. Dr. T\u00fcrkay DEREL\u0130\u00a0(Hasan Kalyoncu University, Rector)Prof. Dr. \u015eener B\u00fcy\u00fck\u00f6zt\u00fcrk (Faculty of Education, Dean)Prof. Dr. Ya\u015fare Akta\u015f Arnas\u00a0(Organizing Committee Chairman) Prof. Dr. Nil\u00fcfer Dar\u0131caProf. Dr. \u00c7a\u011flayan Din\u00e7erDr. &hellip;","og_url":"https:\/\/ooe2023.hku.edu.tr\/en\/boards\/","og_site_name":"8. ULUSLARARASI OKUL \u00d6NCES\u0130 E\u011e\u0130T\u0130M\u0130 KONGRES\u0130","article_modified_time":"2023-02-05T14:08:47+00:00","twitter_card":"summary_large_image","twitter_misc":{"Est. reading time":"6 minutes"},"schema":{"@context":"https:\/\/schema.org","@graph":[{"@type":"WebPage","@id":"https:\/\/ooe2023.hku.edu.tr\/en\/boards\/","url":"https:\/\/ooe2023.hku.edu.tr\/en\/boards\/","name":"Boards - 8. ULUSLARARASI OKUL \u00d6NCES\u0130 E\u011e\u0130T\u0130M\u0130 KONGRES\u0130","isPartOf":{"@id":"https:\/\/ooe2023.hku.edu.tr\/#website"},"datePublished":"2022-11-26T09:46:46+00:00","dateModified":"2023-02-05T14:08:47+00:00","breadcrumb":{"@id":"https:\/\/ooe2023.hku.edu.tr\/en\/boards\/#breadcrumb"},"inLanguage":"en-US","potentialAction":[{"@type":"ReadAction","target":["https:\/\/ooe2023.hku.edu.tr\/en\/boards\/"]}]},{"@type":"BreadcrumbList","@id":"https:\/\/ooe2023.hku.edu.tr\/en\/boards\/#breadcrumb","itemListElement":[{"@type":"ListItem","position":1,"name":"Home","item":"https:\/\/ooe2023.hku.edu.tr\/en\/"},{"@type":"ListItem","position":2,"name":"Boards"}]},{"@type":"WebSite","@id":"https:\/\/ooe2023.hku.edu.tr\/#website","url":"https:\/\/ooe2023.hku.edu.tr\/","name":"8. ULUSLARARASI OKUL \u00d6NCES\u0130 E\u011e\u0130T\u0130M\u0130 KONGRES\u0130","description":"Hasan Kalyoncu \u00dcniversitesi","potentialAction":[{"@type":"SearchAction","target":{"@type":"EntryPoint","urlTemplate":"https:\/\/ooe2023.hku.edu.tr\/?s={search_term_string}"},"query-input":{"@type":"PropertyValueSpecification","valueRequired":true,"valueName":"search_term_string"}}],"inLanguage":"en-US"}]}},"_links":{"self":[{"href":"https:\/\/ooe2023.hku.edu.tr\/en\/wp-json\/wp\/v2\/pages\/17113","targetHints":{"allow":["GET"]}}],"collection":[{"href":"https:\/\/ooe2023.hku.edu.tr\/en\/wp-json\/wp\/v2\/pages"}],"about":[{"href":"https:\/\/ooe2023.hku.edu.tr\/en\/wp-json\/wp\/v2\/types\/page"}],"author":[{"embeddable":true,"href":"https:\/\/ooe2023.hku.edu.tr\/en\/wp-json\/wp\/v2\/users\/1"}],"replies":[{"embeddable":true,"href":"https:\/\/ooe2023.hku.edu.tr\/en\/wp-json\/wp\/v2\/comments?post=17113"}],"version-history":[{"count":0,"href":"https:\/\/ooe2023.hku.edu.tr\/en\/wp-json\/wp\/v2\/pages\/17113\/revisions"}],"wp:attachment":[{"href":"https:\/\/ooe2023.hku.edu.tr\/en\/wp-json\/wp\/v2\/media?parent=17113"}],"curies":[{"name":"wp","href":"https:\/\/api.w.org\/{rel}","templated":true}]}}